
{"id":23231,"date":"2024-07-01T16:57:33","date_gmt":"2024-07-01T14:57:33","guid":{"rendered":"https:\/\/jolelekalapitvany.hu\/suti-kezeles\/"},"modified":"2025-06-17T13:38:43","modified_gmt":"2025-06-17T11:38:43","slug":"suti-kezeles","status":"publish","type":"page","link":"https:\/\/jolelekalapitvany.hu\/en\/suti-kezeles\/","title":{"rendered":"Cookie Policy"},"content":{"rendered":"<p><div class=\"fusion-bg-parallax\" data-bg-align=\"center top\" data-direction=\"down\" data-mute=\"false\" data-opacity=\"100\" data-velocity=\"-0.4\" data-mobile-enabled=\"false\" data-break_parents=\"0\" data-bg-image=\"https:\/\/jolelekalapitvany.hu\/wp-content\/uploads\/2024\/04\/slide5.jpg\" data-bg-repeat=\"false\" data-bg-gradient-type=\"linear\" data-bg-gradient-angle=\"180\" data-bg-gradient-start-color=\"rgba(0,0,0,0.5)\" data-bg-gradient-start-position=\"0\" data-bg-gradient-end-color=\"rgba(0,0,0,0.5)\" data-bg-gradient-end-position=\"100\" data-bg-radial-direction=\"center center\" ><\/div><div class=\"fusion-fullwidth fullwidth-box fusion-builder-row-1 fusion-flex-container has-pattern-background has-mask-background fusion-parallax-down hundred-percent-fullwidth non-hundred-percent-height-scrolling fusion-animated\" style=\"--awb-background-position:center top;--awb-border-sizes-top:0px;--awb-border-sizes-bottom:0px;--awb-border-sizes-left:0px;--awb-border-sizes-right:0px;--awb-border-radius-top-left:0px;--awb-border-radius-top-right:0px;--awb-border-radius-bottom-right:0px;--awb-border-radius-bottom-left:0px;--awb-padding-top:12%;--awb-padding-right:5%;--awb-padding-bottom:12%;--awb-padding-left:5%;--awb-min-height-medium:500px;--awb-min-height-small:350px;--awb-background-image:linear-gradient(180deg, rgba(0,0,0,0.5) 0%,rgba(0,0,0,0.5) 100%),url(https:\/\/jolelekalapitvany.hu\/wp-content\/uploads\/2024\/04\/slide5.jpg);;--awb-background-size:cover;--awb-flex-wrap:wrap;\" data-animationType=\"fadeInDown\" data-animationDuration=\"1.1\" data-animationOffset=\"top-into-view\" ><div class=\"fusion-builder-row fusion-row fusion-flex-align-items-flex-start fusion-flex-content-wrap\" style=\"width:calc( 100% + 0px ) !important;max-width:calc( 100% + 0px ) !important;margin-left: calc(-0px \/ 2 );margin-right: calc(-0px \/ 2 );\"><div class=\"fusion-layout-column fusion_builder_column fusion-builder-column-0 fusion_builder_column_1_1 1_1 fusion-flex-column\" style=\"--awb-bg-blend:overlay;--awb-bg-size:cover;--awb-width-large:100%;--awb-margin-top-large:0px;--awb-spacing-right-large:0px;--awb-margin-bottom-large:30px;--awb-spacing-left-large:0px;--awb-width-medium:100%;--awb-order-medium:0;--awb-spacing-right-medium:0px;--awb-spacing-left-medium:0px;--awb-width-small:100%;--awb-order-small:0;--awb-spacing-right-small:0px;--awb-spacing-left-small:0px;\" data-motion-effects=\"[{&quot;type&quot;:&quot;&quot;,&quot;scroll_type&quot;:&quot;transition&quot;,&quot;scroll_direction&quot;:&quot;up&quot;,&quot;transition_speed&quot;:&quot;1&quot;,&quot;fade_type&quot;:&quot;in&quot;,&quot;scale_type&quot;:&quot;up&quot;,&quot;initial_scale&quot;:&quot;1&quot;,&quot;max_scale&quot;:&quot;1.5&quot;,&quot;min_scale&quot;:&quot;0.5&quot;,&quot;initial_rotate&quot;:&quot;0&quot;,&quot;end_rotate&quot;:&quot;30&quot;,&quot;initial_blur&quot;:&quot;0&quot;,&quot;end_blur&quot;:&quot;3&quot;,&quot;start_element&quot;:&quot;top&quot;,&quot;start_viewport&quot;:&quot;bottom&quot;,&quot;end_element&quot;:&quot;bottom&quot;,&quot;end_viewport&quot;:&quot;top&quot;,&quot;mouse_effect&quot;:&quot;track&quot;,&quot;mouse_effect_direction&quot;:&quot;opposite&quot;,&quot;mouse_effect_speed&quot;:&quot;2&quot;,&quot;infinite_animation&quot;:&quot;float&quot;,&quot;infinite_animation_speed&quot;:&quot;2&quot;}]\" data-scroll-devices=\"small-visibility,medium-visibility,large-visibility\"><div class=\"fusion-column-wrapper fusion-column-has-shadow fusion-flex-justify-content-flex-start fusion-content-layout-column\"><\/div><\/div><\/div><\/div><div class=\"fusion-fullwidth fullwidth-box fusion-builder-row-2 fusion-flex-container has-pattern-background has-mask-background nonhundred-percent-fullwidth non-hundred-percent-height-scrolling fusion-animated\" style=\"--awb-border-sizes-top:0px;--awb-border-sizes-bottom:0px;--awb-border-sizes-left:0px;--awb-border-sizes-right:0px;--awb-border-radius-top-left:0px;--awb-border-radius-top-right:0px;--awb-border-radius-bottom-right:0px;--awb-border-radius-bottom-left:0px;--awb-padding-top:70px;--awb-padding-bottom:10px;--awb-background-color:var(--awb-color2);--awb-flex-wrap:wrap;\" data-animationType=\"fadeInLeft\" data-animationDuration=\"1.0\" data-animationOffset=\"top-into-view\" ><div class=\"fusion-builder-row fusion-row fusion-flex-align-items-flex-start fusion-flex-justify-content-center fusion-flex-content-wrap\" style=\"max-width:1216.8px;margin-left: calc(-4% \/ 2 );margin-right: calc(-4% \/ 2 );\"><div class=\"fusion-layout-column fusion_builder_column fusion-builder-column-1 fusion_builder_column_1_6 1_6 fusion-flex-column fusion-no-small-visibility\" style=\"--awb-bg-blend:overlay;--awb-bg-size:cover;--awb-width-large:16.666666666667%;--awb-margin-top-large:0px;--awb-spacing-right-large:11.52%;--awb-margin-bottom-large:30px;--awb-spacing-left-large:11.52%;--awb-width-medium:100%;--awb-spacing-right-medium:1.92%;--awb-spacing-left-medium:1.92%;--awb-width-small:100%;--awb-spacing-right-small:1.92%;--awb-spacing-left-small:1.92%;\"><div class=\"fusion-column-wrapper fusion-flex-justify-content-flex-start fusion-content-layout-column\"><div class=\"fusion-separator fusion-full-width-sep\" style=\"align-self: center;margin-left: auto;margin-right: auto;width:100%;\"><\/div><\/div><\/div><div class=\"fusion-layout-column fusion_builder_column fusion-builder-column-2 fusion_builder_column_2_3 2_3 fusion-flex-column\" style=\"--awb-bg-blend:overlay;--awb-bg-size:cover;--awb-width-large:66.666666666667%;--awb-margin-top-large:0px;--awb-spacing-right-large:2.88%;--awb-margin-bottom-large:60px;--awb-spacing-left-large:2.88%;--awb-width-medium:80%;--awb-spacing-right-medium:2.4%;--awb-spacing-left-medium:2.4%;--awb-width-small:100%;--awb-spacing-right-small:1.92%;--awb-spacing-left-small:1.92%;\"><div class=\"fusion-column-wrapper fusion-flex-justify-content-flex-start fusion-content-layout-column\"><div class=\"fusion-image-element \" style=\"text-align:center;--awb-caption-title-font-family:var(--h2_typography-font-family);--awb-caption-title-font-weight:var(--h2_typography-font-weight);--awb-caption-title-font-style:var(--h2_typography-font-style);--awb-caption-title-size:var(--h2_typography-font-size);--awb-caption-title-transform:var(--h2_typography-text-transform);--awb-caption-title-line-height:var(--h2_typography-line-height);--awb-caption-title-letter-spacing:var(--h2_typography-letter-spacing);\"><span class=\" fusion-imageframe imageframe-none imageframe-1 hover-type-none\"><img decoding=\"async\" width=\"64\" height=\"64\" title=\"icon\" src=\"https:\/\/jolelekalapitvany.hu\/wp-content\/uploads\/2023\/10\/icon.png\" alt class=\"img-responsive wp-image-22738\"\/><\/span><\/div><div class=\"fusion-separator fusion-full-width-sep\" style=\"align-self: center;margin-left: auto;margin-right: auto;margin-top:20px;width:100%;\"><\/div><div class=\"fusion-title title fusion-title-1 fusion-sep-none fusion-title-center fusion-title-text fusion-title-size-two\" style=\"--awb-margin-bottom:20px;\"><h2 class=\"fusion-title-heading title-heading-center fusion-responsive-typography-calculated\" style=\"margin:0;text-transform:capitalize;--fontSize:46;line-height:1.2;\">Cookie Policy<\/h2><\/div><div class=\"fusion-separator\" style=\"align-self: center;margin-left: auto;margin-right: auto;margin-top:0px;margin-bottom:30px;width:100%;max-width:280px;\"><div class=\"fusion-separator-border sep-single sep-solid\" style=\"--awb-height:20px;--awb-amount:20px;--awb-sep-color:var(--awb-color3);border-color:var(--awb-color3);border-top-width:2px;\"><\/div><\/div><div class=\"fusion-text fusion-text-1\"><div dir=\"ltr\" lang=\"en\">This website uses cookies.<br \/>\nWe use cookies to personalize content and ads, provide social media features, and analyze our website traffic.<br \/>\nWe also share information about your use of our website with our social media, advertising, and analytics partners, who may combine it with other information that you\u2019ve provided to them or that they\u2019ve collected from your use of their services.<br \/>\nBy continuing to browse the site, you agree to our use of cookies.Cookies are small text files that a website can use to make the user experience more efficient.<br \/>\nAccording to legislation, we can store cookies on your device if they are strictly necessary for the operation of this site.<br \/>\nFor all other types of cookies, we need your permission.<br \/>\nThis site uses different types of cookies. Some cookies are placed by third-party services that appear on our pages.<\/p>\n<p>You can modify or withdraw your consent at any time in the Cookie Declaration on our website.<\/p>\n<p>Find out more in our Privacy Policy about who we are, how you can contact us, and how we process personal data.<\/p>\n<p>Your consent applies to the following domains: jolelekalapitvany.hu<\/p>\n<p>The Cookie Declaration was last updated on: 2018. 10. 10.<\/p>\n<\/div>\n<div dir=\"ltr\" lang=\"en\">Essential (4)Essential cookies help make a website usable by enabling basic functions like page navigation and access to secure areas of the website. The website cannot function properly without these cookies.<\/p>\n<table>\n<colgroup>\n<col \/>\n<col \/>\n<col \/>\n<col \/>\n<col \/><\/colgroup>\n<thead>\n<tr>\n<th dir=\"ltr\" scope=\"col\">Name<\/th>\n<th dir=\"ltr\" scope=\"col\">Provider<\/th>\n<th dir=\"ltr\" scope=\"col\">Purpose<\/th>\n<th dir=\"ltr\" scope=\"col\">Expiry<\/th>\n<th dir=\"ltr\" scope=\"col\">Type<\/th>\n<\/tr>\n<\/thead>\n<tbody>\n<tr>\n<td title=\"__cfduid &#091;x2&#093; \">__cfduid [x2]<\/td>\n<td title=\"bien.hu, watershedassociates.com\">bien.hu watershedassociates.com<\/td>\n<td title=\"Used by the content network, Cloudflare, to identify trusted web traffic.\">Used by the content network, Cloudflare, to identify trusted web traffic.<\/td>\n<td title=\"1 year\">1 year<\/td>\n<td title=\"HTTP Cookie\">HTTP Cookie<\/td>\n<\/tr>\n<tr>\n<td title=\"CookieConsent\">CookieConsent<\/td>\n<td title=\"jolelekalapitvany.hu\">jolelekalapitvany.hu<\/td>\n<td title=\"Stores the user's cookie consent state for the current domain\">Stores the user&#8217;s cookie consent state for the current domain<\/td>\n<td title=\"1 year\">1 year<\/td>\n<td title=\"HTTP Cookie\">HTTP Cookie<\/td>\n<\/tr>\n<tr>\n<td title=\"PHPSESSID\">PHPSESSID<\/td>\n<td title=\"jolelekalapitvany.hu\">jolelekalapitvany.hu<\/td>\n<td title=\"Preserves user session state across page requests.\">Preserves user session state across page requests.<\/td>\n<td title=\"Session\">Session<\/td>\n<td title=\"HTTP Cookie\">HTTP Cookie<\/td>\n<\/tr>\n<\/tbody>\n<\/table>\n<\/div>\n<div dir=\"ltr\" lang=\"en\">Statistics (10)Statistical cookies help website owners to understand how visitors interact with websites by collecting and reporting information anonymously.<\/p>\n<\/div>\n<div dir=\"ltr\" lang=\"en\">Marketing (16)Marketing cookies are used to track visitors across websites.<br \/>\nThe intention is to display ads that are relevant and engaging for the individual user and thereby more valuable for publishers and third-party advertisers.<br \/>\n<!-- table remains unchanged, as it is already in English --><\/p>\n<\/div>\n<\/div><\/div><\/div><div class=\"fusion-layout-column fusion_builder_column fusion-builder-column-3 fusion_builder_column_1_6 1_6 fusion-flex-column fusion-no-small-visibility\" style=\"--awb-bg-blend:overlay;--awb-bg-size:cover;--awb-width-large:16.666666666667%;--awb-margin-top-large:0px;--awb-spacing-right-large:11.52%;--awb-margin-bottom-large:30px;--awb-spacing-left-large:11.52%;--awb-width-medium:100%;--awb-spacing-right-medium:1.92%;--awb-spacing-left-medium:1.92%;--awb-width-small:100%;--awb-spacing-right-small:1.92%;--awb-spacing-left-small:1.92%;\"><div class=\"fusion-column-wrapper fusion-flex-justify-content-flex-start fusion-content-layout-column\"><div class=\"fusion-separator fusion-full-width-sep\" style=\"align-self: center;margin-left: auto;margin-right: auto;width:100%;\"><\/div><\/div><\/div><\/div><\/div><div class=\"fusion-bg-parallax\" data-bg-align=\"center center\" data-direction=\"right\" data-mute=\"false\" data-opacity=\"100\" data-velocity=\"-0.5\" data-mobile-enabled=\"false\" data-break_parents=\"0\" data-bg-image=\"https:\/\/jolelekalapitvany.hu\/wp-content\/uploads\/2024\/04\/oktatas2.jpg\" data-bg-repeat=\"false\" data-bg-gradient-type=\"linear\" data-bg-gradient-angle=\"180\" data-bg-gradient-start-color=\"rgba(0,0,0,0.61)\" data-bg-gradient-start-position=\"0\" data-bg-gradient-end-color=\"rgba(0,0,0,0.61)\" data-bg-gradient-end-position=\"100\" data-bg-radial-direction=\"center center\" ><\/div><div class=\"fusion-fullwidth fullwidth-box fusion-builder-row-3 fusion-flex-container has-pattern-background has-mask-background fusion-parallax-right nonhundred-percent-fullwidth non-hundred-percent-height-scrolling fusion-animated\" style=\"--awb-border-sizes-top:0px;--awb-border-sizes-bottom:0px;--awb-border-sizes-left:0px;--awb-border-sizes-right:0px;--awb-border-radius-top-left:0px;--awb-border-radius-top-right:0px;--awb-border-radius-bottom-right:0px;--awb-border-radius-bottom-left:0px;--awb-padding-top:150px;--awb-padding-bottom:110px;--awb-padding-bottom-medium:110px;--awb-background-image:linear-gradient(180deg, rgba(0,0,0,0.61) 0%,rgba(0,0,0,0.61) 100%),url(https:\/\/jolelekalapitvany.hu\/wp-content\/uploads\/2024\/04\/oktatas2.jpg);;--awb-background-size:cover;--awb-flex-wrap:wrap;\" data-animationType=\"fadeInUp\" data-animationDuration=\"1.0\" data-animationOffset=\"top-into-view\" ><div class=\"fusion-builder-row fusion-row fusion-flex-align-items-flex-start fusion-flex-content-wrap\" style=\"max-width:1216.8px;margin-left: calc(-4% \/ 2 );margin-right: calc(-4% \/ 2 );\"><div class=\"fusion-layout-column fusion_builder_column fusion-builder-column-4 fusion_builder_column_1_6 1_6 fusion-flex-column fusion-no-small-visibility fusion-no-medium-visibility\" style=\"--awb-bg-blend:overlay;--awb-bg-size:cover;--awb-width-large:16.666666666667%;--awb-margin-top-large:0px;--awb-spacing-right-large:11.52%;--awb-margin-bottom-large:30px;--awb-spacing-left-large:11.52%;--awb-width-medium:100%;--awb-spacing-right-medium:1.92%;--awb-spacing-left-medium:1.92%;--awb-width-small:100%;--awb-spacing-right-small:1.92%;--awb-spacing-left-small:1.92%;\"><div class=\"fusion-column-wrapper fusion-flex-justify-content-flex-start fusion-content-layout-column\"><\/div><\/div><div class=\"fusion-layout-column fusion_builder_column fusion-builder-column-5 fusion_builder_column_2_3 2_3 fusion-flex-column\" style=\"--awb-bg-blend:overlay;--awb-bg-size:cover;--awb-width-large:66.666666666667%;--awb-margin-top-large:0px;--awb-spacing-right-large:2.88%;--awb-margin-bottom-large:30px;--awb-spacing-left-large:2.88%;--awb-width-medium:100%;--awb-spacing-right-medium:1.92%;--awb-spacing-left-medium:1.92%;--awb-width-small:100%;--awb-spacing-right-small:1.92%;--awb-spacing-left-small:1.92%;\"><div class=\"fusion-column-wrapper fusion-flex-justify-content-flex-start fusion-content-layout-column\"><div class=\"fusion-title title fusion-title-2 fusion-sep-none fusion-title-center fusion-title-text fusion-title-size-two\" style=\"--awb-text-color:var(--awb-color1);--awb-margin-bottom:30px;\"><h2 class=\"fusion-title-heading title-heading-center fusion-responsive-typography-calculated\" style=\"margin:0;text-transform:none;--fontSize:46;line-height:1.2;\">Interested in collaborating with Us?<\/h2><\/div><div class=\"fusion-separator\" style=\"align-self: center;margin-left: auto;margin-right: auto;margin-top:0px;margin-bottom:30px;width:100%;max-width:280px;\"><div class=\"fusion-separator-border sep-single sep-solid\" style=\"--awb-height:20px;--awb-amount:20px;--awb-sep-color:hsla(var(--awb-color3-h),var(--awb-color3-s),var(--awb-color3-l),calc(var(--awb-color3-a) - 50%));border-color:hsla(var(--awb-color3-h),var(--awb-color3-s),var(--awb-color3-l),calc(var(--awb-color3-a) - 50%));border-top-width:2px;\"><\/div><\/div><div class=\"fusion-title title fusion-title-3 fusion-sep-none fusion-title-center fusion-title-text fusion-title-size-paragraph\" style=\"--awb-text-color:var(--awb-color1);--awb-font-size:var(--awb-typography2-font-size);\"><p class=\"fusion-title-heading title-heading-center title-heading-tag fusion-responsive-typography-calculated\" style=\"margin:0;font-size:1em;letter-spacing:var(--awb-typography2-letter-spacing);text-transform:var(--awb-typography2-text-transform);--fontSize:22;--minFontSize:22;line-height:1.5;\">If our approach and values resonate with you, we warmly invite interested colleagues and students to apply by sending a short introduction and CV to <b>jolelekinfo@gmail.com<\/b>. We look forward to exploring opportunities for collaboration with you.<\/p><\/div><div class=\"fusion-separator fusion-full-width-sep\" style=\"align-self: center;margin-left: auto;margin-right: auto;margin-top:30px;width:100%;\"><\/div><\/div><\/div><div class=\"fusion-layout-column fusion_builder_column fusion-builder-column-6 fusion_builder_column_1_6 1_6 fusion-flex-column fusion-no-small-visibility fusion-no-medium-visibility\" style=\"--awb-bg-blend:overlay;--awb-bg-size:cover;--awb-width-large:16.666666666667%;--awb-margin-top-large:0px;--awb-spacing-right-large:11.52%;--awb-margin-bottom-large:30px;--awb-spacing-left-large:11.52%;--awb-width-medium:100%;--awb-spacing-right-medium:1.92%;--awb-spacing-left-medium:1.92%;--awb-width-small:100%;--awb-spacing-right-small:1.92%;--awb-spacing-left-small:1.92%;\"><div class=\"fusion-column-wrapper fusion-flex-justify-content-flex-start fusion-content-layout-column\"><\/div><\/div><\/div><\/div>\n<\/p>\n","protected":false},"excerpt":{"rendered":"","protected":false},"author":1,"featured_media":0,"parent":0,"menu_order":0,"comment_status":"closed","ping_status":"closed","template":"100-width.php","meta":{"footnotes":""},"class_list":["post-23231","page","type-page","status-publish","hentry"],"yoast_head":"<!-- This site is optimized with the Yoast SEO plugin v23.0 - https:\/\/yoast.com\/wordpress\/plugins\/seo\/ -->\n<title>Cookie Policy | J\u00f3L\u00c9lek Pszichol\u00f3giai Alap\u00edtv\u00e1ny<\/title>\n<meta name=\"robots\" content=\"index, follow, max-snippet:-1, max-image-preview:large, max-video-preview:-1\" \/>\n<link rel=\"canonical\" href=\"https:\/\/jolelekalapitvany.hu\/en\/suti-kezeles\/\" \/>\n<meta property=\"og:locale\" content=\"en_US\" \/>\n<meta property=\"og:type\" content=\"article\" \/>\n<meta property=\"og:title\" content=\"Cookie Policy | J\u00f3L\u00c9lek Pszichol\u00f3giai Alap\u00edtv\u00e1ny\" \/>\n<meta property=\"og:url\" content=\"https:\/\/jolelekalapitvany.hu\/en\/suti-kezeles\/\" \/>\n<meta property=\"og:site_name\" content=\"J\u00f3L\u00c9lek Pszichol\u00f3giai Alap\u00edtv\u00e1ny\" \/>\n<meta property=\"article:publisher\" content=\"https:\/\/www.facebook.com\/JoLElekPszichologiaiAlapitvany\" \/>\n<meta property=\"article:modified_time\" content=\"2025-06-17T11:38:43+00:00\" \/>\n<meta property=\"og:image\" content=\"https:\/\/jolelekalapitvany.hu\/wp-content\/uploads\/2024\/04\/slide5-1.jpg\" \/>\n\t<meta property=\"og:image:width\" content=\"2000\" \/>\n\t<meta property=\"og:image:height\" content=\"1293\" \/>\n\t<meta property=\"og:image:type\" content=\"image\/jpeg\" \/>\n<meta name=\"twitter:card\" content=\"summary_large_image\" \/>\n<meta name=\"twitter:label1\" content=\"Est. reading time\" \/>\n\t<meta name=\"twitter:data1\" content=\"6 minutes\" \/>\n<script type=\"application\/ld+json\" class=\"yoast-schema-graph\">{\"@context\":\"https:\/\/schema.org\",\"@graph\":[{\"@type\":\"WebPage\",\"@id\":\"https:\/\/jolelekalapitvany.hu\/en\/suti-kezeles\/\",\"url\":\"https:\/\/jolelekalapitvany.hu\/en\/suti-kezeles\/\",\"name\":\"Cookie Policy | J\u00f3L\u00c9lek Pszichol\u00f3giai Alap\u00edtv\u00e1ny\",\"isPartOf\":{\"@id\":\"https:\/\/jolelekalapitvany.hu\/en\/#website\"},\"datePublished\":\"2024-07-01T14:57:33+00:00\",\"dateModified\":\"2025-06-17T11:38:43+00:00\",\"breadcrumb\":{\"@id\":\"https:\/\/jolelekalapitvany.hu\/en\/suti-kezeles\/#breadcrumb\"},\"inLanguage\":\"en-US\",\"potentialAction\":[{\"@type\":\"ReadAction\",\"target\":[\"https:\/\/jolelekalapitvany.hu\/en\/suti-kezeles\/\"]}]},{\"@type\":\"BreadcrumbList\",\"@id\":\"https:\/\/jolelekalapitvany.hu\/en\/suti-kezeles\/#breadcrumb\",\"itemListElement\":[{\"@type\":\"ListItem\",\"position\":1,\"name\":\"Home\",\"item\":\"https:\/\/jolelekalapitvany.hu\/en\/\"},{\"@type\":\"ListItem\",\"position\":2,\"name\":\"Cookie Policy\"}]},{\"@type\":\"WebSite\",\"@id\":\"https:\/\/jolelekalapitvany.hu\/en\/#website\",\"url\":\"https:\/\/jolelekalapitvany.hu\/en\/\",\"name\":\"J\u00f3L\u00c9lek Pszichol\u00f3giai Alap\u00edtv\u00e1ny\",\"description\":\"Az \u00e9letem a remekm\u0171vem\",\"publisher\":{\"@id\":\"https:\/\/jolelekalapitvany.hu\/en\/#organization\"},\"potentialAction\":[{\"@type\":\"SearchAction\",\"target\":{\"@type\":\"EntryPoint\",\"urlTemplate\":\"https:\/\/jolelekalapitvany.hu\/en\/?s={search_term_string}\"},\"query-input\":\"required name=search_term_string\"}],\"inLanguage\":\"en-US\"},{\"@type\":\"Organization\",\"@id\":\"https:\/\/jolelekalapitvany.hu\/en\/#organization\",\"name\":\"J\u00f3L\u00c9lek Pszichol\u00f3giai Alap\u00edtv\u00e1ny\",\"url\":\"https:\/\/jolelekalapitvany.hu\/en\/\",\"logo\":{\"@type\":\"ImageObject\",\"inLanguage\":\"en-US\",\"@id\":\"https:\/\/jolelekalapitvany.hu\/en\/#\/schema\/logo\/image\/\",\"url\":\"https:\/\/jolelekalapitvany.hu\/wp-content\/uploads\/2023\/10\/logo@2x.png\",\"contentUrl\":\"https:\/\/jolelekalapitvany.hu\/wp-content\/uploads\/2023\/10\/logo@2x.png\",\"width\":444,\"height\":200,\"caption\":\"J\u00f3L\u00c9lek Pszichol\u00f3giai Alap\u00edtv\u00e1ny\"},\"image\":{\"@id\":\"https:\/\/jolelekalapitvany.hu\/en\/#\/schema\/logo\/image\/\"},\"sameAs\":[\"https:\/\/www.facebook.com\/JoLElekPszichologiaiAlapitvany\",\"https:\/\/www.instagram.com\/jolelekalapitvany\/\"]}]}<\/script>\n<!-- \/ Yoast SEO plugin. -->","yoast_head_json":{"title":"Cookie Policy | J\u00f3L\u00c9lek Pszichol\u00f3giai Alap\u00edtv\u00e1ny","robots":{"index":"index","follow":"follow","max-snippet":"max-snippet:-1","max-image-preview":"max-image-preview:large","max-video-preview":"max-video-preview:-1"},"canonical":"https:\/\/jolelekalapitvany.hu\/en\/suti-kezeles\/","og_locale":"en_US","og_type":"article","og_title":"Cookie Policy | J\u00f3L\u00c9lek Pszichol\u00f3giai Alap\u00edtv\u00e1ny","og_url":"https:\/\/jolelekalapitvany.hu\/en\/suti-kezeles\/","og_site_name":"J\u00f3L\u00c9lek Pszichol\u00f3giai Alap\u00edtv\u00e1ny","article_publisher":"https:\/\/www.facebook.com\/JoLElekPszichologiaiAlapitvany","article_modified_time":"2025-06-17T11:38:43+00:00","og_image":[{"width":2000,"height":1293,"url":"https:\/\/jolelekalapitvany.hu\/wp-content\/uploads\/2024\/04\/slide5-1.jpg","type":"image\/jpeg"}],"twitter_card":"summary_large_image","twitter_misc":{"Est. reading time":"6 minutes"},"schema":{"@context":"https:\/\/schema.org","@graph":[{"@type":"WebPage","@id":"https:\/\/jolelekalapitvany.hu\/en\/suti-kezeles\/","url":"https:\/\/jolelekalapitvany.hu\/en\/suti-kezeles\/","name":"Cookie Policy | J\u00f3L\u00c9lek Pszichol\u00f3giai Alap\u00edtv\u00e1ny","isPartOf":{"@id":"https:\/\/jolelekalapitvany.hu\/en\/#website"},"datePublished":"2024-07-01T14:57:33+00:00","dateModified":"2025-06-17T11:38:43+00:00","breadcrumb":{"@id":"https:\/\/jolelekalapitvany.hu\/en\/suti-kezeles\/#breadcrumb"},"inLanguage":"en-US","potentialAction":[{"@type":"ReadAction","target":["https:\/\/jolelekalapitvany.hu\/en\/suti-kezeles\/"]}]},{"@type":"BreadcrumbList","@id":"https:\/\/jolelekalapitvany.hu\/en\/suti-kezeles\/#breadcrumb","itemListElement":[{"@type":"ListItem","position":1,"name":"Home","item":"https:\/\/jolelekalapitvany.hu\/en\/"},{"@type":"ListItem","position":2,"name":"Cookie Policy"}]},{"@type":"WebSite","@id":"https:\/\/jolelekalapitvany.hu\/en\/#website","url":"https:\/\/jolelekalapitvany.hu\/en\/","name":"J\u00f3L\u00c9lek Pszichol\u00f3giai Alap\u00edtv\u00e1ny","description":"Az \u00e9letem a remekm\u0171vem","publisher":{"@id":"https:\/\/jolelekalapitvany.hu\/en\/#organization"},"potentialAction":[{"@type":"SearchAction","target":{"@type":"EntryPoint","urlTemplate":"https:\/\/jolelekalapitvany.hu\/en\/?s={search_term_string}"},"query-input":"required name=search_term_string"}],"inLanguage":"en-US"},{"@type":"Organization","@id":"https:\/\/jolelekalapitvany.hu\/en\/#organization","name":"J\u00f3L\u00c9lek Pszichol\u00f3giai Alap\u00edtv\u00e1ny","url":"https:\/\/jolelekalapitvany.hu\/en\/","logo":{"@type":"ImageObject","inLanguage":"en-US","@id":"https:\/\/jolelekalapitvany.hu\/en\/#\/schema\/logo\/image\/","url":"https:\/\/jolelekalapitvany.hu\/wp-content\/uploads\/2023\/10\/logo@2x.png","contentUrl":"https:\/\/jolelekalapitvany.hu\/wp-content\/uploads\/2023\/10\/logo@2x.png","width":444,"height":200,"caption":"J\u00f3L\u00c9lek Pszichol\u00f3giai Alap\u00edtv\u00e1ny"},"image":{"@id":"https:\/\/jolelekalapitvany.hu\/en\/#\/schema\/logo\/image\/"},"sameAs":["https:\/\/www.facebook.com\/JoLElekPszichologiaiAlapitvany","https:\/\/www.instagram.com\/jolelekalapitvany\/"]}]}},"_links":{"self":[{"href":"https:\/\/jolelekalapitvany.hu\/en\/wp-json\/wp\/v2\/pages\/23231","targetHints":{"allow":["GET"]}}],"collection":[{"href":"https:\/\/jolelekalapitvany.hu\/en\/wp-json\/wp\/v2\/pages"}],"about":[{"href":"https:\/\/jolelekalapitvany.hu\/en\/wp-json\/wp\/v2\/types\/page"}],"author":[{"embeddable":true,"href":"https:\/\/jolelekalapitvany.hu\/en\/wp-json\/wp\/v2\/users\/1"}],"replies":[{"embeddable":true,"href":"https:\/\/jolelekalapitvany.hu\/en\/wp-json\/wp\/v2\/comments?post=23231"}],"version-history":[{"count":3,"href":"https:\/\/jolelekalapitvany.hu\/en\/wp-json\/wp\/v2\/pages\/23231\/revisions"}],"predecessor-version":[{"id":23237,"href":"https:\/\/jolelekalapitvany.hu\/en\/wp-json\/wp\/v2\/pages\/23231\/revisions\/23237"}],"wp:attachment":[{"href":"https:\/\/jolelekalapitvany.hu\/en\/wp-json\/wp\/v2\/media?parent=23231"}],"curies":[{"name":"wp","href":"https:\/\/api.w.org\/{rel}","templated":true}]}}