
{"id":23357,"date":"2024-05-23T23:24:48","date_gmt":"2024-05-23T21:24:48","guid":{"rendered":"https:\/\/jolelekalapitvany.hu\/tamogatas\/"},"modified":"2025-06-18T17:06:35","modified_gmt":"2025-06-18T15:06:35","slug":"tamogatas","status":"publish","type":"page","link":"https:\/\/jolelekalapitvany.hu\/en\/tamogatas\/","title":{"rendered":"Support"},"content":{"rendered":"<p><div class=\"fusion-bg-parallax\" data-bg-align=\"center top\" data-direction=\"down\" data-mute=\"false\" data-opacity=\"100\" data-velocity=\"-0.4\" data-mobile-enabled=\"false\" data-break_parents=\"0\" data-bg-image=\"https:\/\/jolelekalapitvany.hu\/wp-content\/uploads\/2024\/05\/IMG_8060_HD.jpg\" data-bg-repeat=\"false\" data-bg-gradient-type=\"linear\" data-bg-gradient-angle=\"180\" data-bg-gradient-start-color=\"rgba(0,0,0,0.5)\" data-bg-gradient-start-position=\"0\" data-bg-gradient-end-color=\"rgba(0,0,0,0.5)\" data-bg-gradient-end-position=\"100\" data-bg-radial-direction=\"center center\" ><\/div><div class=\"fusion-fullwidth fullwidth-box fusion-builder-row-1 fusion-flex-container has-pattern-background has-mask-background fusion-parallax-down hundred-percent-fullwidth non-hundred-percent-height-scrolling fusion-animated\" style=\"--awb-background-position:center top;--awb-border-sizes-top:0px;--awb-border-sizes-bottom:0px;--awb-border-sizes-left:0px;--awb-border-sizes-right:0px;--awb-border-radius-top-left:0px;--awb-border-radius-top-right:0px;--awb-border-radius-bottom-right:0px;--awb-border-radius-bottom-left:0px;--awb-padding-top:12%;--awb-padding-right:5%;--awb-padding-bottom:12%;--awb-padding-left:5%;--awb-min-height-medium:500px;--awb-min-height-small:350px;--awb-background-image:linear-gradient(180deg, rgba(0,0,0,0.5) 0%,rgba(0,0,0,0.5) 100%),url(https:\/\/jolelekalapitvany.hu\/wp-content\/uploads\/2024\/05\/IMG_8060_HD.jpg);;--awb-background-size:cover;--awb-flex-wrap:wrap;\" data-animationType=\"fadeInDown\" data-animationDuration=\"1.1\" data-animationOffset=\"top-into-view\" ><div class=\"fusion-builder-row fusion-row fusion-flex-align-items-flex-start fusion-flex-content-wrap\" style=\"width:calc( 100% + 0px ) !important;max-width:calc( 100% + 0px ) !important;margin-left: calc(-0px \/ 2 );margin-right: calc(-0px \/ 2 );\"><div class=\"fusion-layout-column fusion_builder_column fusion-builder-column-0 fusion_builder_column_1_1 1_1 fusion-flex-column\" style=\"--awb-bg-blend:overlay;--awb-bg-size:cover;--awb-width-large:100%;--awb-margin-top-large:0px;--awb-spacing-right-large:0px;--awb-margin-bottom-large:30px;--awb-spacing-left-large:0px;--awb-width-medium:100%;--awb-order-medium:0;--awb-spacing-right-medium:0px;--awb-spacing-left-medium:0px;--awb-width-small:100%;--awb-order-small:0;--awb-spacing-right-small:0px;--awb-spacing-left-small:0px;\" data-motion-effects=\"[{&quot;type&quot;:&quot;&quot;,&quot;scroll_type&quot;:&quot;transition&quot;,&quot;scroll_direction&quot;:&quot;up&quot;,&quot;transition_speed&quot;:&quot;1&quot;,&quot;fade_type&quot;:&quot;in&quot;,&quot;scale_type&quot;:&quot;up&quot;,&quot;initial_scale&quot;:&quot;1&quot;,&quot;max_scale&quot;:&quot;1.5&quot;,&quot;min_scale&quot;:&quot;0.5&quot;,&quot;initial_rotate&quot;:&quot;0&quot;,&quot;end_rotate&quot;:&quot;30&quot;,&quot;initial_blur&quot;:&quot;0&quot;,&quot;end_blur&quot;:&quot;3&quot;,&quot;start_element&quot;:&quot;top&quot;,&quot;start_viewport&quot;:&quot;bottom&quot;,&quot;end_element&quot;:&quot;bottom&quot;,&quot;end_viewport&quot;:&quot;top&quot;,&quot;mouse_effect&quot;:&quot;track&quot;,&quot;mouse_effect_direction&quot;:&quot;opposite&quot;,&quot;mouse_effect_speed&quot;:&quot;2&quot;,&quot;infinite_animation&quot;:&quot;float&quot;,&quot;infinite_animation_speed&quot;:&quot;2&quot;}]\" data-scroll-devices=\"small-visibility,medium-visibility,large-visibility\"><div class=\"fusion-column-wrapper fusion-column-has-shadow fusion-flex-justify-content-flex-start fusion-content-layout-column\"><\/div><\/div><\/div><\/div><div class=\"fusion-fullwidth fullwidth-box fusion-builder-row-2 fusion-flex-container has-pattern-background has-mask-background nonhundred-percent-fullwidth non-hundred-percent-height-scrolling fusion-animated\" style=\"--awb-border-sizes-top:0px;--awb-border-sizes-bottom:0px;--awb-border-sizes-left:0px;--awb-border-sizes-right:0px;--awb-border-radius-top-left:0px;--awb-border-radius-top-right:0px;--awb-border-radius-bottom-right:0px;--awb-border-radius-bottom-left:0px;--awb-padding-top:70px;--awb-padding-bottom:10px;--awb-background-color:var(--awb-color2);--awb-flex-wrap:wrap;\" data-animationType=\"fadeInLeft\" data-animationDuration=\"1.0\" data-animationOffset=\"top-into-view\" ><div class=\"fusion-builder-row fusion-row fusion-flex-align-items-flex-start fusion-flex-justify-content-center fusion-flex-content-wrap\" style=\"max-width:1216.8px;margin-left: calc(-4% \/ 2 );margin-right: calc(-4% \/ 2 );\"><div class=\"fusion-layout-column fusion_builder_column fusion-builder-column-1 fusion_builder_column_1_6 1_6 fusion-flex-column fusion-no-small-visibility\" style=\"--awb-bg-blend:overlay;--awb-bg-size:cover;--awb-width-large:16.666666666667%;--awb-margin-top-large:0px;--awb-spacing-right-large:11.52%;--awb-margin-bottom-large:30px;--awb-spacing-left-large:11.52%;--awb-width-medium:100%;--awb-spacing-right-medium:1.92%;--awb-spacing-left-medium:1.92%;--awb-width-small:100%;--awb-spacing-right-small:1.92%;--awb-spacing-left-small:1.92%;\"><div class=\"fusion-column-wrapper fusion-flex-justify-content-flex-start fusion-content-layout-column\"><div class=\"fusion-separator fusion-full-width-sep\" style=\"align-self: center;margin-left: auto;margin-right: auto;width:100%;\"><\/div><\/div><\/div><div class=\"fusion-layout-column fusion_builder_column fusion-builder-column-2 fusion_builder_column_2_3 2_3 fusion-flex-column\" style=\"--awb-bg-blend:overlay;--awb-bg-size:cover;--awb-width-large:66.666666666667%;--awb-margin-top-large:0px;--awb-spacing-right-large:2.88%;--awb-margin-bottom-large:60px;--awb-spacing-left-large:2.88%;--awb-width-medium:80%;--awb-spacing-right-medium:2.4%;--awb-spacing-left-medium:2.4%;--awb-width-small:100%;--awb-spacing-right-small:1.92%;--awb-spacing-left-small:1.92%;\"><div class=\"fusion-column-wrapper fusion-flex-justify-content-flex-start fusion-content-layout-column\"><div class=\"fusion-image-element \" style=\"text-align:center;--awb-caption-title-font-family:var(--h2_typography-font-family);--awb-caption-title-font-weight:var(--h2_typography-font-weight);--awb-caption-title-font-style:var(--h2_typography-font-style);--awb-caption-title-size:var(--h2_typography-font-size);--awb-caption-title-transform:var(--h2_typography-text-transform);--awb-caption-title-line-height:var(--h2_typography-line-height);--awb-caption-title-letter-spacing:var(--h2_typography-letter-spacing);\"><span class=\" fusion-imageframe imageframe-none imageframe-1 hover-type-none\"><img decoding=\"async\" width=\"64\" height=\"64\" title=\"icon\" src=\"https:\/\/jolelekalapitvany.hu\/wp-content\/uploads\/2023\/10\/icon.png\" alt class=\"img-responsive wp-image-22738\"\/><\/span><\/div><div class=\"fusion-separator fusion-full-width-sep\" style=\"align-self: center;margin-left: auto;margin-right: auto;margin-top:20px;width:100%;\"><\/div><div class=\"fusion-title title fusion-title-1 fusion-sep-none fusion-title-center fusion-title-text fusion-title-size-two\" style=\"--awb-margin-bottom:20px;\"><h2 class=\"fusion-title-heading title-heading-center fusion-responsive-typography-calculated\" style=\"margin:0;text-transform:capitalize;--fontSize:46;line-height:1.2;\">Support<\/h2><\/div><div class=\"fusion-separator\" style=\"align-self: center;margin-left: auto;margin-right: auto;margin-top:0px;margin-bottom:30px;width:100%;max-width:280px;\"><div class=\"fusion-separator-border sep-single sep-solid\" style=\"--awb-height:20px;--awb-amount:20px;--awb-sep-color:var(--awb-color3);border-color:var(--awb-color3);border-top-width:2px;\"><\/div><\/div><div class=\"fusion-text fusion-text-1\"><p>There are various ways you can support the activities of our organization:<\/p>\n<\/div><ul style=\"--awb-size:16px;--awb-line-height:27.2px;--awb-icon-width:27.2px;--awb-icon-height:27.2px;--awb-icon-margin:11.2px;--awb-content-margin:38.4px;--awb-circlecolor:var(--awb-color4);--awb-circle-yes-font-size:14.08px;\" class=\"fusion-checklist fusion-checklist-1 fusion-checklist-default type-icons\"><li class=\"fusion-li-item\" style=\"\"><span class=\"icon-wrapper circle-yes\"><i class=\"fusion-li-icon fa-arrow-right fas\" aria-hidden=\"true\"><\/i><\/span><div class=\"fusion-li-item-content\">As a company leader who supports mental health and emphasizes prevention, feel free to request an offer for individual or group counseling services, and learn more about our <a href=\"#\" target=\"_blank\" rel=\"noopener\"><strong>WholeLife Wellness<\/strong><\/a> program. By using the services provided by our organization, you are also supporting the goals of a public-benefit Foundation.<\/div><\/li><li class=\"fusion-li-item\" style=\"\"><span class=\"icon-wrapper circle-yes\"><i class=\"fusion-li-icon fa-arrow-right fas\" aria-hidden=\"true\"><\/i><\/span><div class=\"fusion-li-item-content\"><strong>You can also contribute to the work of our organization in the form of volunteering.<\/strong> We warmly welcome psychologists as well as volunteers with other competencies (e.g. administration, marketing, legal assistance, financial consulting, PR, graphic design).<\/div><\/li><li class=\"fusion-li-item\" style=\"\"><span class=\"icon-wrapper circle-yes\"><i class=\"fusion-li-icon fa-arrow-right fas\" aria-hidden=\"true\"><\/i><\/span><div class=\"fusion-li-item-content\">From time to time, we select a <strong>special target group<\/strong> who can participate in psychological counseling free of charge or at a discounted rate. Follow our social media pages for our current call related to this opportunity.<\/div><\/li><\/ul><div class=\"fusion-text fusion-text-2\"><p>In addition, if you would like to support a target group that is particularly close to your heart, please <strong><a href=\"https:\/\/jolelekalapitvany.hu\/en\/kapcsolat\/\">get in touch with us<\/a><\/strong> so we can discuss the possible framework and details of cooperation.<\/p>\n<h3>Our bank account number:<\/h3>\n<p><strong>J\u00f3L\u00c9LEk Pszichol\u00f3giai Alap\u00edtv\u00e1ny<\/strong><br \/>11708001-20563255<br \/>Tax number: 18037841-1-43<\/p>\n<\/div><\/div><\/div><div class=\"fusion-layout-column fusion_builder_column fusion-builder-column-3 fusion_builder_column_1_6 1_6 fusion-flex-column fusion-no-small-visibility\" style=\"--awb-bg-blend:overlay;--awb-bg-size:cover;--awb-width-large:16.666666666667%;--awb-margin-top-large:0px;--awb-spacing-right-large:11.52%;--awb-margin-bottom-large:30px;--awb-spacing-left-large:11.52%;--awb-width-medium:100%;--awb-spacing-right-medium:1.92%;--awb-spacing-left-medium:1.92%;--awb-width-small:100%;--awb-spacing-right-small:1.92%;--awb-spacing-left-small:1.92%;\"><div class=\"fusion-column-wrapper fusion-flex-justify-content-flex-start fusion-content-layout-column\"><div class=\"fusion-separator fusion-full-width-sep\" style=\"align-self: center;margin-left: auto;margin-right: auto;width:100%;\"><\/div><\/div><\/div><\/div><\/div><div class=\"fusion-bg-parallax\" data-bg-align=\"center center\" data-direction=\"left\" data-mute=\"false\" data-opacity=\"100\" data-velocity=\"-0.5\" data-mobile-enabled=\"false\" data-break_parents=\"0\" data-bg-image=\"https:\/\/jolelekalapitvany.hu\/wp-content\/uploads\/2024\/05\/IMG_8060_HD.jpg\" data-bg-repeat=\"false\" data-bg-gradient-type=\"linear\" data-bg-gradient-angle=\"180\" data-bg-gradient-start-color=\"rgba(0,0,0,0.7)\" data-bg-gradient-start-position=\"0\" data-bg-gradient-end-color=\"rgba(0,0,0,0.7)\" data-bg-gradient-end-position=\"100\" data-bg-radial-direction=\"center center\" ><\/div><div class=\"fusion-fullwidth fullwidth-box fusion-builder-row-3 fusion-flex-container has-pattern-background has-mask-background fusion-parallax-left nonhundred-percent-fullwidth non-hundred-percent-height-scrolling fusion-animated\" style=\"--awb-border-sizes-top:0px;--awb-border-sizes-bottom:0px;--awb-border-sizes-left:0px;--awb-border-sizes-right:0px;--awb-border-radius-top-left:0px;--awb-border-radius-top-right:0px;--awb-border-radius-bottom-right:0px;--awb-border-radius-bottom-left:0px;--awb-padding-top:140px;--awb-padding-bottom:100px;--awb-background-image:linear-gradient(180deg, rgba(0,0,0,0.7) 0%,rgba(0,0,0,0.7) 100%),url(https:\/\/jolelekalapitvany.hu\/wp-content\/uploads\/2024\/05\/IMG_8060_HD.jpg);;--awb-background-size:cover;--awb-flex-wrap:wrap;\" data-animationType=\"fadeInUp\" data-animationDuration=\"1.0\" data-animationOffset=\"top-into-view\" ><div class=\"fusion-builder-row fusion-row fusion-flex-align-items-flex-start fusion-flex-justify-content-center fusion-flex-content-wrap\" style=\"max-width:1216.8px;margin-left: calc(-4% \/ 2 );margin-right: calc(-4% \/ 2 );\"><div class=\"fusion-layout-column fusion_builder_column fusion-builder-column-4 fusion_builder_column_1_6 1_6 fusion-flex-column fusion-no-small-visibility fusion-no-medium-visibility\" style=\"--awb-bg-blend:overlay;--awb-bg-size:cover;--awb-width-large:16.666666666667%;--awb-margin-top-large:0px;--awb-spacing-right-large:11.52%;--awb-margin-bottom-large:30px;--awb-spacing-left-large:11.52%;--awb-width-medium:100%;--awb-spacing-right-medium:1.92%;--awb-spacing-left-medium:1.92%;--awb-width-small:100%;--awb-spacing-right-small:1.92%;--awb-spacing-left-small:1.92%;\"><div class=\"fusion-column-wrapper fusion-flex-justify-content-flex-start fusion-content-layout-column\"><\/div><\/div><div class=\"fusion-layout-column fusion_builder_column fusion-builder-column-5 fusion_builder_column_2_3 2_3 fusion-flex-column\" style=\"--awb-bg-blend:overlay;--awb-bg-size:cover;--awb-width-large:66.666666666667%;--awb-margin-top-large:0px;--awb-spacing-right-large:2.88%;--awb-margin-bottom-large:60px;--awb-spacing-left-large:2.88%;--awb-width-medium:80%;--awb-spacing-right-medium:2.4%;--awb-spacing-left-medium:2.4%;--awb-width-small:100%;--awb-spacing-right-small:1.92%;--awb-spacing-left-small:1.92%;\"><div class=\"fusion-column-wrapper fusion-flex-justify-content-flex-start fusion-content-layout-column\"><div class=\"fusion-image-element \" style=\"text-align:center;--awb-caption-title-font-family:var(--h2_typography-font-family);--awb-caption-title-font-weight:var(--h2_typography-font-weight);--awb-caption-title-font-style:var(--h2_typography-font-style);--awb-caption-title-size:var(--h2_typography-font-size);--awb-caption-title-transform:var(--h2_typography-text-transform);--awb-caption-title-line-height:var(--h2_typography-line-height);--awb-caption-title-letter-spacing:var(--h2_typography-letter-spacing);\"><span class=\" fusion-imageframe imageframe-none imageframe-2 hover-type-none\"><img decoding=\"async\" width=\"64\" height=\"64\" title=\"icon\u00fcw\" src=\"https:\/\/jolelekalapitvany.hu\/wp-content\/uploads\/2024\/04\/iconuw.png\" alt class=\"img-responsive wp-image-22769\"\/><\/span><\/div><div class=\"fusion-separator fusion-full-width-sep\" style=\"align-self: center;margin-left: auto;margin-right: auto;margin-top:30px;width:100%;\"><\/div><div class=\"fusion-title title fusion-title-2 fusion-sep-none fusion-title-center fusion-title-text fusion-title-size-paragraph\" style=\"--awb-text-color:var(--awb-color1);--awb-font-size:var(--awb-typography2-font-size);\"><p class=\"fusion-title-heading title-heading-center title-heading-tag fusion-responsive-typography-calculated\" style=\"margin:0;font-size:1em;letter-spacing:var(--awb-typography2-letter-spacing);text-transform:var(--awb-typography2-text-transform);--fontSize:22;--minFontSize:22;line-height:1.5;\">We are proud that, despite challenges and changes, the J\u00f3L\u00c9lek Psychological Foundation has been a stable point of support for 13 years \u2014 for enthusiastic and open-minded psychologist colleagues, students eager to learn, and people seeking help alike. We are proud to say that this is an organization where it feels good to arrive.<\/p><\/div><\/div><\/div><div class=\"fusion-layout-column fusion_builder_column fusion-builder-column-6 fusion_builder_column_1_6 1_6 fusion-flex-column fusion-no-small-visibility fusion-no-medium-visibility\" style=\"--awb-bg-blend:overlay;--awb-bg-size:cover;--awb-width-large:16.666666666667%;--awb-margin-top-large:0px;--awb-spacing-right-large:11.52%;--awb-margin-bottom-large:30px;--awb-spacing-left-large:11.52%;--awb-width-medium:100%;--awb-spacing-right-medium:1.92%;--awb-spacing-left-medium:1.92%;--awb-width-small:100%;--awb-spacing-right-small:1.92%;--awb-spacing-left-small:1.92%;\"><div class=\"fusion-column-wrapper fusion-flex-justify-content-flex-start fusion-content-layout-column\"><\/div><\/div><\/div><\/div>\n<\/p>\n","protected":false},"excerpt":{"rendered":"","protected":false},"author":1,"featured_media":0,"parent":0,"menu_order":0,"comment_status":"closed","ping_status":"closed","template":"100-width.php","meta":{"footnotes":""},"class_list":["post-23357","page","type-page","status-publish","hentry"],"yoast_head":"<!-- This site is optimized with the Yoast SEO plugin v23.0 - https:\/\/yoast.com\/wordpress\/plugins\/seo\/ -->\n<title>Support | J\u00f3L\u00c9lek Pszichol\u00f3giai Alap\u00edtv\u00e1ny<\/title>\n<meta name=\"robots\" content=\"index, follow, max-snippet:-1, max-image-preview:large, max-video-preview:-1\" \/>\n<link rel=\"canonical\" href=\"https:\/\/jolelekalapitvany.hu\/en\/tamogatas\/\" \/>\n<meta property=\"og:locale\" content=\"en_US\" \/>\n<meta property=\"og:type\" content=\"article\" \/>\n<meta property=\"og:title\" content=\"Support | J\u00f3L\u00c9lek Pszichol\u00f3giai Alap\u00edtv\u00e1ny\" \/>\n<meta property=\"og:url\" content=\"https:\/\/jolelekalapitvany.hu\/en\/tamogatas\/\" \/>\n<meta property=\"og:site_name\" content=\"J\u00f3L\u00c9lek Pszichol\u00f3giai Alap\u00edtv\u00e1ny\" \/>\n<meta property=\"article:publisher\" content=\"https:\/\/www.facebook.com\/JoLElekPszichologiaiAlapitvany\" \/>\n<meta property=\"article:modified_time\" content=\"2025-06-18T15:06:35+00:00\" \/>\n<meta property=\"og:image\" content=\"https:\/\/jolelekalapitvany.hu\/wp-content\/uploads\/2024\/04\/slide5-1.jpg\" \/>\n\t<meta property=\"og:image:width\" content=\"2000\" \/>\n\t<meta property=\"og:image:height\" content=\"1293\" \/>\n\t<meta property=\"og:image:type\" content=\"image\/jpeg\" \/>\n<meta name=\"twitter:card\" content=\"summary_large_image\" \/>\n<meta name=\"twitter:label1\" content=\"Est. reading time\" \/>\n\t<meta name=\"twitter:data1\" content=\"2 minutes\" \/>\n<script type=\"application\/ld+json\" class=\"yoast-schema-graph\">{\"@context\":\"https:\/\/schema.org\",\"@graph\":[{\"@type\":\"WebPage\",\"@id\":\"https:\/\/jolelekalapitvany.hu\/en\/tamogatas\/\",\"url\":\"https:\/\/jolelekalapitvany.hu\/en\/tamogatas\/\",\"name\":\"Support | J\u00f3L\u00c9lek Pszichol\u00f3giai Alap\u00edtv\u00e1ny\",\"isPartOf\":{\"@id\":\"https:\/\/jolelekalapitvany.hu\/en\/#website\"},\"datePublished\":\"2024-05-23T21:24:48+00:00\",\"dateModified\":\"2025-06-18T15:06:35+00:00\",\"breadcrumb\":{\"@id\":\"https:\/\/jolelekalapitvany.hu\/en\/tamogatas\/#breadcrumb\"},\"inLanguage\":\"en-US\",\"potentialAction\":[{\"@type\":\"ReadAction\",\"target\":[\"https:\/\/jolelekalapitvany.hu\/en\/tamogatas\/\"]}]},{\"@type\":\"BreadcrumbList\",\"@id\":\"https:\/\/jolelekalapitvany.hu\/en\/tamogatas\/#breadcrumb\",\"itemListElement\":[{\"@type\":\"ListItem\",\"position\":1,\"name\":\"Home\",\"item\":\"https:\/\/jolelekalapitvany.hu\/en\/\"},{\"@type\":\"ListItem\",\"position\":2,\"name\":\"Support\"}]},{\"@type\":\"WebSite\",\"@id\":\"https:\/\/jolelekalapitvany.hu\/en\/#website\",\"url\":\"https:\/\/jolelekalapitvany.hu\/en\/\",\"name\":\"J\u00f3L\u00c9lek Pszichol\u00f3giai Alap\u00edtv\u00e1ny\",\"description\":\"Az \u00e9letem a remekm\u0171vem\",\"publisher\":{\"@id\":\"https:\/\/jolelekalapitvany.hu\/en\/#organization\"},\"potentialAction\":[{\"@type\":\"SearchAction\",\"target\":{\"@type\":\"EntryPoint\",\"urlTemplate\":\"https:\/\/jolelekalapitvany.hu\/en\/?s={search_term_string}\"},\"query-input\":\"required name=search_term_string\"}],\"inLanguage\":\"en-US\"},{\"@type\":\"Organization\",\"@id\":\"https:\/\/jolelekalapitvany.hu\/en\/#organization\",\"name\":\"J\u00f3L\u00c9lek Pszichol\u00f3giai Alap\u00edtv\u00e1ny\",\"url\":\"https:\/\/jolelekalapitvany.hu\/en\/\",\"logo\":{\"@type\":\"ImageObject\",\"inLanguage\":\"en-US\",\"@id\":\"https:\/\/jolelekalapitvany.hu\/en\/#\/schema\/logo\/image\/\",\"url\":\"https:\/\/jolelekalapitvany.hu\/wp-content\/uploads\/2023\/10\/logo@2x.png\",\"contentUrl\":\"https:\/\/jolelekalapitvany.hu\/wp-content\/uploads\/2023\/10\/logo@2x.png\",\"width\":444,\"height\":200,\"caption\":\"J\u00f3L\u00c9lek Pszichol\u00f3giai Alap\u00edtv\u00e1ny\"},\"image\":{\"@id\":\"https:\/\/jolelekalapitvany.hu\/en\/#\/schema\/logo\/image\/\"},\"sameAs\":[\"https:\/\/www.facebook.com\/JoLElekPszichologiaiAlapitvany\",\"https:\/\/www.instagram.com\/jolelekalapitvany\/\"]}]}<\/script>\n<!-- \/ Yoast SEO plugin. -->","yoast_head_json":{"title":"Support | J\u00f3L\u00c9lek Pszichol\u00f3giai Alap\u00edtv\u00e1ny","robots":{"index":"index","follow":"follow","max-snippet":"max-snippet:-1","max-image-preview":"max-image-preview:large","max-video-preview":"max-video-preview:-1"},"canonical":"https:\/\/jolelekalapitvany.hu\/en\/tamogatas\/","og_locale":"en_US","og_type":"article","og_title":"Support | J\u00f3L\u00c9lek Pszichol\u00f3giai Alap\u00edtv\u00e1ny","og_url":"https:\/\/jolelekalapitvany.hu\/en\/tamogatas\/","og_site_name":"J\u00f3L\u00c9lek Pszichol\u00f3giai Alap\u00edtv\u00e1ny","article_publisher":"https:\/\/www.facebook.com\/JoLElekPszichologiaiAlapitvany","article_modified_time":"2025-06-18T15:06:35+00:00","og_image":[{"width":2000,"height":1293,"url":"https:\/\/jolelekalapitvany.hu\/wp-content\/uploads\/2024\/04\/slide5-1.jpg","type":"image\/jpeg"}],"twitter_card":"summary_large_image","twitter_misc":{"Est. reading time":"2 minutes"},"schema":{"@context":"https:\/\/schema.org","@graph":[{"@type":"WebPage","@id":"https:\/\/jolelekalapitvany.hu\/en\/tamogatas\/","url":"https:\/\/jolelekalapitvany.hu\/en\/tamogatas\/","name":"Support | J\u00f3L\u00c9lek Pszichol\u00f3giai Alap\u00edtv\u00e1ny","isPartOf":{"@id":"https:\/\/jolelekalapitvany.hu\/en\/#website"},"datePublished":"2024-05-23T21:24:48+00:00","dateModified":"2025-06-18T15:06:35+00:00","breadcrumb":{"@id":"https:\/\/jolelekalapitvany.hu\/en\/tamogatas\/#breadcrumb"},"inLanguage":"en-US","potentialAction":[{"@type":"ReadAction","target":["https:\/\/jolelekalapitvany.hu\/en\/tamogatas\/"]}]},{"@type":"BreadcrumbList","@id":"https:\/\/jolelekalapitvany.hu\/en\/tamogatas\/#breadcrumb","itemListElement":[{"@type":"ListItem","position":1,"name":"Home","item":"https:\/\/jolelekalapitvany.hu\/en\/"},{"@type":"ListItem","position":2,"name":"Support"}]},{"@type":"WebSite","@id":"https:\/\/jolelekalapitvany.hu\/en\/#website","url":"https:\/\/jolelekalapitvany.hu\/en\/","name":"J\u00f3L\u00c9lek Pszichol\u00f3giai Alap\u00edtv\u00e1ny","description":"Az \u00e9letem a remekm\u0171vem","publisher":{"@id":"https:\/\/jolelekalapitvany.hu\/en\/#organization"},"potentialAction":[{"@type":"SearchAction","target":{"@type":"EntryPoint","urlTemplate":"https:\/\/jolelekalapitvany.hu\/en\/?s={search_term_string}"},"query-input":"required name=search_term_string"}],"inLanguage":"en-US"},{"@type":"Organization","@id":"https:\/\/jolelekalapitvany.hu\/en\/#organization","name":"J\u00f3L\u00c9lek Pszichol\u00f3giai Alap\u00edtv\u00e1ny","url":"https:\/\/jolelekalapitvany.hu\/en\/","logo":{"@type":"ImageObject","inLanguage":"en-US","@id":"https:\/\/jolelekalapitvany.hu\/en\/#\/schema\/logo\/image\/","url":"https:\/\/jolelekalapitvany.hu\/wp-content\/uploads\/2023\/10\/logo@2x.png","contentUrl":"https:\/\/jolelekalapitvany.hu\/wp-content\/uploads\/2023\/10\/logo@2x.png","width":444,"height":200,"caption":"J\u00f3L\u00c9lek Pszichol\u00f3giai Alap\u00edtv\u00e1ny"},"image":{"@id":"https:\/\/jolelekalapitvany.hu\/en\/#\/schema\/logo\/image\/"},"sameAs":["https:\/\/www.facebook.com\/JoLElekPszichologiaiAlapitvany","https:\/\/www.instagram.com\/jolelekalapitvany\/"]}]}},"_links":{"self":[{"href":"https:\/\/jolelekalapitvany.hu\/en\/wp-json\/wp\/v2\/pages\/23357","targetHints":{"allow":["GET"]}}],"collection":[{"href":"https:\/\/jolelekalapitvany.hu\/en\/wp-json\/wp\/v2\/pages"}],"about":[{"href":"https:\/\/jolelekalapitvany.hu\/en\/wp-json\/wp\/v2\/types\/page"}],"author":[{"embeddable":true,"href":"https:\/\/jolelekalapitvany.hu\/en\/wp-json\/wp\/v2\/users\/1"}],"replies":[{"embeddable":true,"href":"https:\/\/jolelekalapitvany.hu\/en\/wp-json\/wp\/v2\/comments?post=23357"}],"version-history":[{"count":5,"href":"https:\/\/jolelekalapitvany.hu\/en\/wp-json\/wp\/v2\/pages\/23357\/revisions"}],"predecessor-version":[{"id":23363,"href":"https:\/\/jolelekalapitvany.hu\/en\/wp-json\/wp\/v2\/pages\/23357\/revisions\/23363"}],"wp:attachment":[{"href":"https:\/\/jolelekalapitvany.hu\/en\/wp-json\/wp\/v2\/media?parent=23357"}],"curies":[{"name":"wp","href":"https:\/\/api.w.org\/{rel}","templated":true}]}}